{"id":704,"date":"2022-05-22T20:49:39","date_gmt":"2022-05-22T20:49:39","guid":{"rendered":"https:\/\/stage.malermeister-sturow.de\/?page_id=704"},"modified":"2024-05-24T20:42:30","modified_gmt":"2024-05-24T20:42:30","slug":"impressum","status":"publish","type":"page","link":"https:\/\/malermeister-sturow.de\/index.php\/impressum\/","title":{"rendered":"Impressum"},"content":{"rendered":"\t\t<div data-elementor-type=\"wp-page\" data-elementor-id=\"704\" class=\"elementor elementor-704\" data-elementor-post-type=\"page\">\n\t\t\t\t\t\t<section class=\"elementor-section elementor-top-section elementor-element elementor-element-446c56d elementor-section-boxed elementor-section-height-default elementor-section-height-default\" data-id=\"446c56d\" data-element_type=\"section\" data-e-type=\"section\">\n\t\t\t\t\t\t<div class=\"elementor-container elementor-column-gap-default\">\n\t\t\t\t\t<div class=\"elementor-column elementor-col-100 elementor-top-column elementor-element elementor-element-c711ac1\" data-id=\"c711ac1\" data-element_type=\"column\" data-e-type=\"column\">\n\t\t\t<div class=\"elementor-widget-wrap elementor-element-populated\">\n\t\t\t\t\t\t<div class=\"elementor-element elementor-element-5d1f574 elementor-widget elementor-widget-heading\" data-id=\"5d1f574\" data-element_type=\"widget\" data-e-type=\"widget\" data-widget_type=\"heading.default\">\n\t\t\t\t<div class=\"elementor-widget-container\">\n\t\t\t\t\t<h1 class=\"elementor-heading-title elementor-size-default\">Impressum<\/h1>\t\t\t\t<\/div>\n\t\t\t\t<\/div>\n\t\t\t\t<div class=\"elementor-element elementor-element-1787469 elementor-widget elementor-widget-text-editor\" data-id=\"1787469\" data-element_type=\"widget\" data-e-type=\"widget\" data-widget_type=\"text-editor.default\">\n\t\t\t\t<div class=\"elementor-widget-container\">\n\t\t\t\t\t\t\t\t\t<h2>Angaben gem\u00e4\u00df \u00a7 5 TMG<\/h2>\n<p>Andre Sturow<br>M.A.S. Malermeister Andre Sturow<br>Papensgrund 4<br>32457 Porta Westfalica<\/p>\n<h2>Kontakt<\/h2>\n<p>Telefon: [Telefonnummer]<br>E-Mail: info@malermeister-sturow.de<\/p>\n<h2>Verbraucher\u00adstreit\u00adbeilegung\/Universal\u00adschlichtungs\u00adstelle<\/h2>\n<p>Wir sind nicht bereit oder verpflichtet, an Streitbeilegungsverfahren vor einer Verbraucherschlichtungsstelle teilzunehmen.<\/p>\n<p>Quelle: <a href=\"https:\/\/www.e-recht24.de\/impressum-generator.html\">https:\/\/www.e-recht24.de\/impressum-generator.html<\/a><\/p>\n<p>Design by Webdesign &amp; IT MZE<\/p>\n<p><\/p>\t\t\t\t\t\t\t\t<\/div>\n\t\t\t\t<\/div>\n\t\t\t\t\t<\/div>\n\t\t<\/div>\n\t\t\t\t\t<\/div>\n\t\t<\/section>\n\t\t\t\t<\/div>\n\t\t","protected":false},"excerpt":{"rendered":"<p>Impressum Angaben gem\u00e4\u00df \u00a7 5 TMG Andre SturowM.A.S. Malermeister Andre SturowPapensgrund 432457 Porta Westfalica Kontakt Telefon: [Telefonnummer]E-Mail: info@malermeister-sturow.de Verbraucher\u00adstreit\u00adbeilegung\/Universal\u00adschlichtungs\u00adstelle Wir sind nicht bereit oder verpflichtet, an Streitbeilegungsverfahren vor einer Verbraucherschlichtungsstelle teilzunehmen. Quelle: https:\/\/www.e-recht24.de\/impressum-generator.html Design by Webdesign &amp; IT MZE<\/p>\n","protected":false},"author":1,"featured_media":0,"parent":0,"menu_order":0,"comment_status":"closed","ping_status":"closed","template":"","meta":{"site-sidebar-layout":"no-sidebar","site-content-layout":"page-builder","ast-site-content-layout":"default","site-content-style":"default","site-sidebar-style":"default","ast-global-header-display":"","ast-banner-title-visibility":"","ast-main-header-display":"","ast-hfb-above-header-display":"","ast-hfb-below-header-display":"","ast-hfb-mobile-header-display":"","site-post-title":"disabled","ast-breadcrumbs-content":"","ast-featured-img":"disabled","footer-sml-layout":"","ast-disable-related-posts":"","theme-transparent-header-meta":"","adv-header-id-meta":"","stick-header-meta":"","header-above-stick-meta":"","header-main-stick-meta":"","header-below-stick-meta":"","astra-migrate-meta-layouts":"default","ast-page-background-enabled":"default","ast-page-background-meta":{"desktop":{"background-color":"var(--ast-global-color-4)","background-image":"","background-repeat":"repeat","background-position":"center center","background-size":"auto","background-attachment":"scroll","background-type":"","background-media":"","overlay-type":"","overlay-color":"","overlay-opacity":"","overlay-gradient":""},"tablet":{"background-color":"","background-image":"","background-repeat":"repeat","background-position":"center center","background-size":"auto","background-attachment":"scroll","background-type":"","background-media":"","overlay-type":"","overlay-color":"","overlay-opacity":"","overlay-gradient":""},"mobile":{"background-color":"","background-image":"","background-repeat":"repeat","background-position":"center center","background-size":"auto","background-attachment":"scroll","background-type":"","background-media":"","overlay-type":"","overlay-color":"","overlay-opacity":"","overlay-gradient":""}},"ast-content-background-meta":{"desktop":{"background-color":"var(--ast-global-color-5)","background-image":"","background-repeat":"repeat","background-position":"center center","background-size":"auto","background-attachment":"scroll","background-type":"","background-media":"","overlay-type":"","overlay-color":"","overlay-opacity":"","overlay-gradient":""},"tablet":{"background-color":"var(--ast-global-color-5)","background-image":"","background-repeat":"repeat","background-position":"center center","background-size":"auto","background-attachment":"scroll","background-type":"","background-media":"","overlay-type":"","overlay-color":"","overlay-opacity":"","overlay-gradient":""},"mobile":{"background-color":"var(--ast-global-color-5)","background-image":"","background-repeat":"repeat","background-position":"center center","background-size":"auto","background-attachment":"scroll","background-type":"","background-media":"","overlay-type":"","overlay-color":"","overlay-opacity":"","overlay-gradient":""}},"footnotes":""},"class_list":["post-704","page","type-page","status-publish","hentry"],"yoast_head":"<!-- This site is optimized with the Yoast SEO plugin v27.6 - https:\/\/yoast.com\/product\/yoast-seo-wordpress\/ -->\n<title>Impressum - Malermeister Andr\u00e9 Sturow<\/title>\n<meta name=\"robots\" content=\"index, follow, max-snippet:-1, max-image-preview:large, max-video-preview:-1\" \/>\n<link rel=\"canonical\" href=\"https:\/\/malermeister-sturow.de\/index.php\/impressum\/\" \/>\n<meta property=\"og:locale\" content=\"de_DE\" \/>\n<meta property=\"og:type\" content=\"article\" \/>\n<meta property=\"og:title\" content=\"Impressum - Malermeister Andr\u00e9 Sturow\" \/>\n<meta property=\"og:description\" content=\"Impressum Angaben gem\u00e4\u00df \u00a7 5 TMG Andre SturowM.A.S. Malermeister Andre SturowPapensgrund 432457 Porta Westfalica Kontakt Telefon: [Telefonnummer]E-Mail: info@malermeister-sturow.de Verbraucher\u00adstreit\u00adbeilegung\/Universal\u00adschlichtungs\u00adstelle Wir sind nicht bereit oder verpflichtet, an Streitbeilegungsverfahren vor einer Verbraucherschlichtungsstelle teilzunehmen. Quelle: https:\/\/www.e-recht24.de\/impressum-generator.html Design by Webdesign &amp; IT MZE\" \/>\n<meta property=\"og:url\" content=\"https:\/\/malermeister-sturow.de\/index.php\/impressum\/\" \/>\n<meta property=\"og:site_name\" content=\"Malermeister Andr\u00e9 Sturow\" \/>\n<meta property=\"article:publisher\" content=\"https:\/\/www.facebook.com\/MAS.PortaWestfalica\/\" \/>\n<meta property=\"article:modified_time\" content=\"2024-05-24T20:42:30+00:00\" \/>\n<meta name=\"twitter:card\" content=\"summary_large_image\" \/>\n<meta name=\"twitter:label1\" content=\"Gesch\u00e4tzte Lesezeit\" \/>\n\t<meta name=\"twitter:data1\" content=\"1\u00a0Minute\" \/>\n<script type=\"application\/ld+json\" class=\"yoast-schema-graph\">{\"@context\":\"https:\\\/\\\/schema.org\",\"@graph\":[{\"@type\":\"WebPage\",\"@id\":\"https:\\\/\\\/malermeister-sturow.de\\\/index.php\\\/impressum\\\/\",\"url\":\"https:\\\/\\\/malermeister-sturow.de\\\/index.php\\\/impressum\\\/\",\"name\":\"Impressum - Malermeister Andr\u00e9 Sturow\",\"isPartOf\":{\"@id\":\"https:\\\/\\\/malermeister-sturow.de\\\/#website\"},\"datePublished\":\"2022-05-22T20:49:39+00:00\",\"dateModified\":\"2024-05-24T20:42:30+00:00\",\"breadcrumb\":{\"@id\":\"https:\\\/\\\/malermeister-sturow.de\\\/index.php\\\/impressum\\\/#breadcrumb\"},\"inLanguage\":\"de\",\"potentialAction\":[{\"@type\":\"ReadAction\",\"target\":[\"https:\\\/\\\/malermeister-sturow.de\\\/index.php\\\/impressum\\\/\"]}]},{\"@type\":\"BreadcrumbList\",\"@id\":\"https:\\\/\\\/malermeister-sturow.de\\\/index.php\\\/impressum\\\/#breadcrumb\",\"itemListElement\":[{\"@type\":\"ListItem\",\"position\":1,\"name\":\"Startseite\",\"item\":\"https:\\\/\\\/malermeister-sturow.de\\\/\"},{\"@type\":\"ListItem\",\"position\":2,\"name\":\"Impressum\"}]},{\"@type\":\"WebSite\",\"@id\":\"https:\\\/\\\/malermeister-sturow.de\\\/#website\",\"url\":\"https:\\\/\\\/malermeister-sturow.de\\\/\",\"name\":\"Malermeister Andr\u00e9 Sturow\",\"description\":\"Ihr Fachmann f\u00fcr individuelles Farbdesign\",\"publisher\":{\"@id\":\"https:\\\/\\\/malermeister-sturow.de\\\/#organization\"},\"potentialAction\":[{\"@type\":\"SearchAction\",\"target\":{\"@type\":\"EntryPoint\",\"urlTemplate\":\"https:\\\/\\\/malermeister-sturow.de\\\/?s={search_term_string}\"},\"query-input\":{\"@type\":\"PropertyValueSpecification\",\"valueRequired\":true,\"valueName\":\"search_term_string\"}}],\"inLanguage\":\"de\"},{\"@type\":\"Organization\",\"@id\":\"https:\\\/\\\/malermeister-sturow.de\\\/#organization\",\"name\":\"Malermeister Andr\u00e9 Sturow\",\"url\":\"https:\\\/\\\/malermeister-sturow.de\\\/\",\"logo\":{\"@type\":\"ImageObject\",\"inLanguage\":\"de\",\"@id\":\"https:\\\/\\\/malermeister-sturow.de\\\/#\\\/schema\\\/logo\\\/image\\\/\",\"url\":\"https:\\\/\\\/malermeister-sturow.de\\\/wp-content\\\/uploads\\\/2022\\\/03\\\/Logo-MAS_final_gross.svg\",\"contentUrl\":\"https:\\\/\\\/malermeister-sturow.de\\\/wp-content\\\/uploads\\\/2022\\\/03\\\/Logo-MAS_final_gross.svg\",\"width\":566,\"height\":382,\"caption\":\"Malermeister Andr\u00e9 Sturow\"},\"image\":{\"@id\":\"https:\\\/\\\/malermeister-sturow.de\\\/#\\\/schema\\\/logo\\\/image\\\/\"},\"sameAs\":[\"https:\\\/\\\/www.facebook.com\\\/MAS.PortaWestfalica\\\/\",\"https:\\\/\\\/www.instagram.com\\\/m.a.s._malermeister\\\/?igshid=YmMyMTA2M2Y\"]}]}<\/script>\n<!-- \/ Yoast SEO plugin. -->","yoast_head_json":{"title":"Impressum - Malermeister Andr\u00e9 Sturow","robots":{"index":"index","follow":"follow","max-snippet":"max-snippet:-1","max-image-preview":"max-image-preview:large","max-video-preview":"max-video-preview:-1"},"canonical":"https:\/\/malermeister-sturow.de\/index.php\/impressum\/","og_locale":"de_DE","og_type":"article","og_title":"Impressum - Malermeister Andr\u00e9 Sturow","og_description":"Impressum Angaben gem\u00e4\u00df \u00a7 5 TMG Andre SturowM.A.S. Malermeister Andre SturowPapensgrund 432457 Porta Westfalica Kontakt Telefon: [Telefonnummer]E-Mail: info@malermeister-sturow.de Verbraucher\u00adstreit\u00adbeilegung\/Universal\u00adschlichtungs\u00adstelle Wir sind nicht bereit oder verpflichtet, an Streitbeilegungsverfahren vor einer Verbraucherschlichtungsstelle teilzunehmen. Quelle: https:\/\/www.e-recht24.de\/impressum-generator.html Design by Webdesign &amp; IT MZE","og_url":"https:\/\/malermeister-sturow.de\/index.php\/impressum\/","og_site_name":"Malermeister Andr\u00e9 Sturow","article_publisher":"https:\/\/www.facebook.com\/MAS.PortaWestfalica\/","article_modified_time":"2024-05-24T20:42:30+00:00","twitter_card":"summary_large_image","twitter_misc":{"Gesch\u00e4tzte Lesezeit":"1\u00a0Minute"},"schema":{"@context":"https:\/\/schema.org","@graph":[{"@type":"WebPage","@id":"https:\/\/malermeister-sturow.de\/index.php\/impressum\/","url":"https:\/\/malermeister-sturow.de\/index.php\/impressum\/","name":"Impressum - Malermeister Andr\u00e9 Sturow","isPartOf":{"@id":"https:\/\/malermeister-sturow.de\/#website"},"datePublished":"2022-05-22T20:49:39+00:00","dateModified":"2024-05-24T20:42:30+00:00","breadcrumb":{"@id":"https:\/\/malermeister-sturow.de\/index.php\/impressum\/#breadcrumb"},"inLanguage":"de","potentialAction":[{"@type":"ReadAction","target":["https:\/\/malermeister-sturow.de\/index.php\/impressum\/"]}]},{"@type":"BreadcrumbList","@id":"https:\/\/malermeister-sturow.de\/index.php\/impressum\/#breadcrumb","itemListElement":[{"@type":"ListItem","position":1,"name":"Startseite","item":"https:\/\/malermeister-sturow.de\/"},{"@type":"ListItem","position":2,"name":"Impressum"}]},{"@type":"WebSite","@id":"https:\/\/malermeister-sturow.de\/#website","url":"https:\/\/malermeister-sturow.de\/","name":"Malermeister Andr\u00e9 Sturow","description":"Ihr Fachmann f\u00fcr individuelles Farbdesign","publisher":{"@id":"https:\/\/malermeister-sturow.de\/#organization"},"potentialAction":[{"@type":"SearchAction","target":{"@type":"EntryPoint","urlTemplate":"https:\/\/malermeister-sturow.de\/?s={search_term_string}"},"query-input":{"@type":"PropertyValueSpecification","valueRequired":true,"valueName":"search_term_string"}}],"inLanguage":"de"},{"@type":"Organization","@id":"https:\/\/malermeister-sturow.de\/#organization","name":"Malermeister Andr\u00e9 Sturow","url":"https:\/\/malermeister-sturow.de\/","logo":{"@type":"ImageObject","inLanguage":"de","@id":"https:\/\/malermeister-sturow.de\/#\/schema\/logo\/image\/","url":"https:\/\/malermeister-sturow.de\/wp-content\/uploads\/2022\/03\/Logo-MAS_final_gross.svg","contentUrl":"https:\/\/malermeister-sturow.de\/wp-content\/uploads\/2022\/03\/Logo-MAS_final_gross.svg","width":566,"height":382,"caption":"Malermeister Andr\u00e9 Sturow"},"image":{"@id":"https:\/\/malermeister-sturow.de\/#\/schema\/logo\/image\/"},"sameAs":["https:\/\/www.facebook.com\/MAS.PortaWestfalica\/","https:\/\/www.instagram.com\/m.a.s._malermeister\/?igshid=YmMyMTA2M2Y"]}]}},"_links":{"self":[{"href":"https:\/\/malermeister-sturow.de\/index.php\/wp-json\/wp\/v2\/pages\/704","targetHints":{"allow":["GET"]}}],"collection":[{"href":"https:\/\/malermeister-sturow.de\/index.php\/wp-json\/wp\/v2\/pages"}],"about":[{"href":"https:\/\/malermeister-sturow.de\/index.php\/wp-json\/wp\/v2\/types\/page"}],"author":[{"embeddable":true,"href":"https:\/\/malermeister-sturow.de\/index.php\/wp-json\/wp\/v2\/users\/1"}],"replies":[{"embeddable":true,"href":"https:\/\/malermeister-sturow.de\/index.php\/wp-json\/wp\/v2\/comments?post=704"}],"version-history":[{"count":16,"href":"https:\/\/malermeister-sturow.de\/index.php\/wp-json\/wp\/v2\/pages\/704\/revisions"}],"predecessor-version":[{"id":2046,"href":"https:\/\/malermeister-sturow.de\/index.php\/wp-json\/wp\/v2\/pages\/704\/revisions\/2046"}],"wp:attachment":[{"href":"https:\/\/malermeister-sturow.de\/index.php\/wp-json\/wp\/v2\/media?parent=704"}],"curies":[{"name":"wp","href":"https:\/\/api.w.org\/{rel}","templated":true}]}}